{"id":5257,"date":"2018-10-23T12:55:36","date_gmt":"2018-10-23T10:55:36","guid":{"rendered":"http:\/\/localhost\/?page_id=5257"},"modified":"2023-08-16T14:23:17","modified_gmt":"2023-08-16T12:23:17","slug":"mission","status":"publish","type":"page","link":"https:\/\/www.austriacult.roma.it\/de\/mission\/","title":{"rendered":"Mission"},"content":{"rendered":"<p><\/p>\n<p style=\"text-align: justify;\">Vernetzung, Aufbau von gegenseitigem Verst\u00e4ndnis und gemeinsame Arbeit an Verbindendem mit den Mitteln der Kunst und Kultur sind zentrale Bausteine der \u00f6sterreichischen Auslandskulturpolitik und damit \u00fcbergeordnete Ziele der Arbeit des \u00d6sterreichischen Kulturforums Rom. Zur Umsetzung dieser Ziele f\u00f6rdert das Kulturforum die Begegnung von K\u00fcnstlerinnen und K\u00fcnstlern wie auch Wissenschaftlerinnen und Wissenschaftlern aus \u00d6sterreich und Italien sowie in einem gr\u00f6\u00dferen europ\u00e4ischen Rahmen, um gemeinsame k\u00fcnstlerische und wissenschaftliche Projekte zu entwickeln und umzusetzen.<\/p>\n<p style=\"text-align: justify;\">Neben dem Respekt f\u00fcr unser reiches Kulturerbe steht insbesondere das Bem\u00fchen um die F\u00f6rderung des zeitgen\u00f6ssischen kreativen Schaffens, und hier vor allem um die jungen Kunstschaffenden. Es geht uns darum, offen f\u00fcr Innovationen und aufgeschlossen gegen\u00fcber Ver\u00e4nderungen, gegen\u00fcber neuen Wegen in der Kunst zu sein. Ein Schwerpunkt unserer Bem\u00fchungen liegt in der F\u00f6rderung und Vernetzung kreativer \u00d6sterreicherinnen und \u00d6sterreicher an der Schnittstelle zwischen Kunst, Wissenschaft, Wirtschaft und Gesellschaft, die mit ihren innovativen Ideen wichtige Beitr\u00e4ge f\u00fcr eine nachhaltige Gesellschaft von morgen leisten.<\/p>\n<p style=\"text-align: justify;\">Vor diesem Hintergrund vermittelt, initiiert und gestaltet das Kulturforum, bevorzugt mit Partnerorganisationen aus S\u00fcd- und Mittelitalien, Lesungen und Buchpr\u00e4sentationen, \u00dcbersetzungen \u00f6sterreichischer Autorinnen und Autoren, Konzerte, Theater-und Tanzvorf\u00fchrungen, Filmwochen, Ausstellungen, Vortr\u00e4ge, Symposien, Konferenzen, wissenschaftliche Kooperationsprojekte, Begegnungen von Kreativen und vieles mehr. Ma\u00dfgeblich f\u00fcr die F\u00f6rderung sind nachvollziehbare Qualit\u00e4tsstandards der geplanten Projekte, die zur \u00dcberpr\u00fcfung der Einhaltung der Ziele der Auslandskulturpolitik zudem vom Bundesministerium f\u00fcr Europa, Integration und \u00c4u\u00dferes genehmigt werden m\u00fcssen.<\/p>\n<p style=\"text-align: justify;\">Neben der engen Zusammenarbeit mit Partnerinstitutionen in Mittel- und S\u00fcditalien ist unser Engagement f\u00fcr und innerhalb von EUNIC-Rom, dem Konsortium aller europ\u00e4ischen Kulturinstitute in Rom, eine wichtige S\u00e4ule unserer Arbeit. Hier setzen wir uns f\u00fcr eine starke, zukunftsf\u00e4hige europ\u00e4ische Auslandskulturarbeit ein.<\/p>\n<p>&nbsp;<\/p>\n<p>&nbsp;<\/p>\n<p><\/p>","protected":false},"excerpt":{"rendered":"<\/p>\n<p style=\"text-align: justify;\">Vernetzung, Aufbau von gegenseitigem Verst\u00e4ndnis und gemeinsame Arbeit an Verbindendem mit den Mitteln der Kunst und Kultur sind zentrale Bausteine der \u00f6sterreichischen Auslandskulturpolitik und damit \u00fcbergeordnete Ziele der Arbeit des \u00d6sterreichischen Kulturforums Rom. Zur Umsetzung dieser Ziele f\u00f6rdert das Kulturforum die Begegnung von K\u00fcnstlerinnen und K\u00fcnstlern wie auch Wissenschaftlerinnen und Wissenschaftlern aus \u00d6sterreich und Italien sowie in einem gr\u00f6\u00dferen europ\u00e4ischen Rahmen, um gemeinsame k\u00fcnstlerische und wissenschaftliche Projekte zu entwickeln und umzusetzen.<\/p>\n<p style=\"text-align: justify;\">Neben dem Respekt f\u00fcr unser reiches [&#8230;]<\/p>\n","protected":false},"author":1,"featured_media":0,"parent":0,"menu_order":7,"comment_status":"closed","ping_status":"closed","template":"","meta":{"_vp_format_video_url":"","_vp_image_focal_point":[],"footnotes":""},"class_list":["post-5257","page","type-page","status-publish","hentry"],"_links":{"self":[{"href":"https:\/\/www.austriacult.roma.it\/de\/wp-json\/wp\/v2\/pages\/5257","targetHints":{"allow":["GET"]}}],"collection":[{"href":"https:\/\/www.austriacult.roma.it\/de\/wp-json\/wp\/v2\/pages"}],"about":[{"href":"https:\/\/www.austriacult.roma.it\/de\/wp-json\/wp\/v2\/types\/page"}],"author":[{"embeddable":true,"href":"https:\/\/www.austriacult.roma.it\/de\/wp-json\/wp\/v2\/users\/1"}],"replies":[{"embeddable":true,"href":"https:\/\/www.austriacult.roma.it\/de\/wp-json\/wp\/v2\/comments?post=5257"}],"version-history":[{"count":0,"href":"https:\/\/www.austriacult.roma.it\/de\/wp-json\/wp\/v2\/pages\/5257\/revisions"}],"wp:attachment":[{"href":"https:\/\/www.austriacult.roma.it\/de\/wp-json\/wp\/v2\/media?parent=5257"}],"curies":[{"name":"wp","href":"https:\/\/api.w.org\/{rel}","templated":true}]}}