{"id":5207,"date":"2018-08-30T11:26:15","date_gmt":"2018-08-30T09:26:15","guid":{"rendered":"http:\/\/localhost\/?page_id=5207"},"modified":"2019-02-26T12:54:04","modified_gmt":"2019-02-26T11:54:04","slug":"informativa-trattamento-dati","status":"publish","type":"page","link":"https:\/\/www.austriacult.roma.it\/de\/information-zur-datenverarbeitung\/","title":{"rendered":"Information zur Datenverarbeitung"},"content":{"rendered":"<p><\/p>\n<p>Mit der kostenlosen Anmeldung zum Newsletter werden uns folgende Daten \u00fcbermittelt: Mailadresse, Titel, Vor- und Nachname. Mit der Anmeldung erhalten Sie einen Best\u00e4tigungslink an die von Ihnen angegebene Mailadresse. Erst wenn Sie Ihre Anmeldung \u00fcber diesen Link aktiviert haben,\u00a0 erhalten Sie unseren Newsletter (Double Opt-In). Laut Artikel 6 Absatz 1 Nummer (a) der EU-Verordnung 2016\/679 (Datenschutz-Grundverordnung) werden Sie im Zuge der Anmeldung um Ihre Zustimmung zur Verarbeitung Ihrer Daten gebeten. Ihre Daten dienen ausschlie\u00dflich der Versendung des Newsletters und werden<\/p>\n<p><\/p>","protected":false},"excerpt":{"rendered":"<\/p>\n<p>Mit der kostenlosen Anmeldung zum Newsletter werden uns folgende Daten \u00fcbermittelt: Mailadresse, Titel, Vor- und Nachname. Mit der Anmeldung erhalten Sie einen Best\u00e4tigungslink an die von Ihnen angegebene Mailadresse. Erst wenn Sie Ihre Anmeldung \u00fcber diesen Link aktiviert haben,\u00a0 erhalten Sie unseren Newsletter (Double Opt-In). Laut Artikel 6 Absatz 1 Nummer (a) der EU-Verordnung 2016\/679 (Datenschutz-Grundverordnung) werden Sie im Zuge der Anmeldung um Ihre Zustimmung zur Verarbeitung Ihrer Daten gebeten. Ihre Daten dienen ausschlie\u00dflich der Versendung des Newsletters und werden<\/p><\/p>\n","protected":false},"author":1,"featured_media":0,"parent":0,"menu_order":9,"comment_status":"closed","ping_status":"closed","template":"","meta":{"_vp_format_video_url":"","_vp_image_focal_point":[],"footnotes":""},"class_list":["post-5207","page","type-page","status-publish","hentry"],"_links":{"self":[{"href":"https:\/\/www.austriacult.roma.it\/de\/wp-json\/wp\/v2\/pages\/5207","targetHints":{"allow":["GET"]}}],"collection":[{"href":"https:\/\/www.austriacult.roma.it\/de\/wp-json\/wp\/v2\/pages"}],"about":[{"href":"https:\/\/www.austriacult.roma.it\/de\/wp-json\/wp\/v2\/types\/page"}],"author":[{"embeddable":true,"href":"https:\/\/www.austriacult.roma.it\/de\/wp-json\/wp\/v2\/users\/1"}],"replies":[{"embeddable":true,"href":"https:\/\/www.austriacult.roma.it\/de\/wp-json\/wp\/v2\/comments?post=5207"}],"version-history":[{"count":0,"href":"https:\/\/www.austriacult.roma.it\/de\/wp-json\/wp\/v2\/pages\/5207\/revisions"}],"wp:attachment":[{"href":"https:\/\/www.austriacult.roma.it\/de\/wp-json\/wp\/v2\/media?parent=5207"}],"curies":[{"name":"wp","href":"https:\/\/api.w.org\/{rel}","templated":true}]}}