{"id":337,"date":"2013-08-29T13:03:03","date_gmt":"2013-08-29T11:03:03","guid":{"rendered":"http:\/\/web.austriacult.roma.it\/it\/?page_id=337"},"modified":"2025-09-15T14:39:20","modified_gmt":"2025-09-15T12:39:20","slug":"istituto-storico","status":"publish","type":"page","link":"https:\/\/www.austriacult.roma.it\/de\/istituto-storico-austriaco\/","title":{"rendered":"\u00d6sterreichisches Historisches Institut Rom"},"content":{"rendered":"<p><\/p>\n<p><em><strong>Direktor Prof. Dr. Andreas GOTTSMANN<br \/>\n<\/strong><\/em>Viale Bruno Buozzi 111-113, I-00197 Rom<br \/>\nTel.: (+39) 06 3608261, Fax: (+39) 06 3224296<br \/>\ne-Mail:\u00a0<a href=\"mailto:info@oehirom.it\">info@oehirom.it<\/a>, sito Web: <a href=\"https:\/\/www.oeaw.ac.at\/de\/oehi-rom\/\">\u00d6sterreichisches Historisches Institut in Rom<\/a><\/p>\n<p style=\"text-align: justify;\">Das \u00d6sterreichische Historische Institut (\u00d6HI) in Rom wurde im Jahre 1881 gegr\u00fcndet und ist, neben dem \u00d6sterreichischen Arch\u00e4ologischen Institut mit seinen Zweigstellen in Athen und Kairo, die bedeutendste wissenschaftliche Einrichtung der Republik \u00d6sterreich im Ausland. Mit 1. J\u00e4nner 2012 wurde es der \u00d6sterreichischen Akademie der Wissenschaften angegliedert.<\/p>\n<p style=\"text-align: justify;\">Seine wissenschaftlichen Aktivit\u00e4ten beziehen sich nicht nur auf die Projekte einzelner Mitarbeiterinnen und Mitarbeiter, sondern binden auch Projekte \u00f6sterreichischer ForscherInnen sowie europ\u00e4ischer FachkollegInnen mit ein und repr\u00e4sentieren ein breites Spektrum folgender Disziplinen: Geschichte (Alte Geschichte, Medi\u00e4vistik, Neuzeit- und Zeitgeschichte), Kunstgeschichte, Arch\u00e4ologie, Klassische Philologie, Byzantinistik, Romanistik, Musikwissenschaft, Theaterwissenschaft, Politische Wissenschaften und Rechtsgeschichte (hier vor allem Antike und Kanonische Rechtsgeschichte). Innerhalb dieses breiten F\u00e4cherspektrums vergibt das \u00d6HI Rom j\u00e4hrlich eine begrenzte Anzahl von Stipendien zur F\u00f6rderung des wissenschaftlichen Nachwuchses.<\/p>\n<p style=\"text-align: justify;\">Zurzeit ist das Fach Medi\u00e4vistik durch einen wissenschaftlichen Mitarbeiter sowie die Neuzeit- und Zeitgeschichte durch den Direktor vertreten.<\/p>\n<p style=\"text-align: justify;\">Die in Rom nahezu einzigartigen Voraussetzungen zur historischen Grundlagenforschung haben seit der Gr\u00fcndung des Institutes dessen Aufgaben ma\u00dfgeblich bestimmt. Neben den zahlreichen Archiven und Bibliotheken \u2013 unter ihnen von herausragender Bedeutung das Archivio Segreto Vaticano und die Biblioteca Apostolica Vaticana \u2013 bietet auch die Stadt als solche einzigartige Voraussetzungen f\u00fcr historische, kulturgeschichtliche und humanistische Studien im Allgemeinen. Eine beachtliche Zahl von Publikationen, erschienen unter anderem in der j\u00e4hrlich erscheinenden Zeitschrift <em>R\u00f6mische Historische Mitteilungen<\/em> des Institutes, belegen anschaulich die Bandbreite wissenschaftlicher Interessen. In den Curricula zahlreicher renommierter \u00f6sterreichischer WissenschaftlerInnen spielen am \u00d6HI-Rom, meist im Zuge eines Stipendien- oder Forschungsaufenthaltes gewonnene Erfahrungen und Bekanntschaften eine herausragende und nachhaltige Rolle.<\/p>\n<p style=\"text-align: justify;\">Mit seiner regelm\u00e4\u00dfigen Durchf\u00fchrung von Symposien, Vortr\u00e4gen und diversen Veranstaltungen pr\u00e4sentiert sich das \u00d6HI-Rom nicht nur als integrative wissenschaftliche Einrichtung der \u00d6ffentlichkeit gegen\u00fcber, sondern bildet zunehmend auch eine repr\u00e4sentative Plattform f\u00fcr den interdisziplin\u00e4ren Dialog auf nationaler und internationaler Ebene.<\/p>\n<p><\/p>","protected":false},"excerpt":{"rendered":"<\/p>\n<p>Direktor Prof. Dr. Andreas GOTTSMANN<br \/>\nViale Bruno Buozzi 111-113, I-00197 Rom<br \/>\nTel.: (+39) 06 3608261, Fax: (+39) 06 3224296<br \/>\ne-Mail:\u00a0<a href=\"mailto:info@oehirom.it\">info@oehirom.it<\/a>, sito Web: <a href=\"https:\/\/www.oeaw.ac.at\/de\/oehi-rom\/\">\u00d6sterreichisches Historisches Institut in Rom<\/a><\/p>\n<p style=\"text-align: justify;\">Das \u00d6sterreichische Historische Institut (\u00d6HI) in Rom wurde im Jahre 1881 gegr\u00fcndet und ist, neben dem \u00d6sterreichischen Arch\u00e4ologischen Institut mit seinen Zweigstellen in Athen und Kairo, die bedeutendste wissenschaftliche Einrichtung der Republik \u00d6sterreich im Ausland. Mit 1. J\u00e4nner 2012 wurde es der \u00d6sterreichischen Akademie der Wissenschaften angegliedert.<\/p>\n<p style=\"text-align: justify;\">Seine wissenschaftlichen [&#8230;]<\/p>\n","protected":false},"author":1,"featured_media":0,"parent":0,"menu_order":19,"comment_status":"closed","ping_status":"closed","template":"","meta":{"_vp_format_video_url":"","_vp_image_focal_point":[],"footnotes":""},"class_list":["post-337","page","type-page","status-publish","hentry"],"_links":{"self":[{"href":"https:\/\/www.austriacult.roma.it\/de\/wp-json\/wp\/v2\/pages\/337","targetHints":{"allow":["GET"]}}],"collection":[{"href":"https:\/\/www.austriacult.roma.it\/de\/wp-json\/wp\/v2\/pages"}],"about":[{"href":"https:\/\/www.austriacult.roma.it\/de\/wp-json\/wp\/v2\/types\/page"}],"author":[{"embeddable":true,"href":"https:\/\/www.austriacult.roma.it\/de\/wp-json\/wp\/v2\/users\/1"}],"replies":[{"embeddable":true,"href":"https:\/\/www.austriacult.roma.it\/de\/wp-json\/wp\/v2\/comments?post=337"}],"version-history":[{"count":2,"href":"https:\/\/www.austriacult.roma.it\/de\/wp-json\/wp\/v2\/pages\/337\/revisions"}],"predecessor-version":[{"id":24023,"href":"https:\/\/www.austriacult.roma.it\/de\/wp-json\/wp\/v2\/pages\/337\/revisions\/24023"}],"wp:attachment":[{"href":"https:\/\/www.austriacult.roma.it\/de\/wp-json\/wp\/v2\/media?parent=337"}],"curies":[{"name":"wp","href":"https:\/\/api.w.org\/{rel}","templated":true}]}}