{"id":331,"date":"2013-08-29T12:56:00","date_gmt":"2013-08-29T10:56:00","guid":{"rendered":"http:\/\/web.austriacult.roma.it\/it\/?page_id=331"},"modified":"2025-09-10T13:43:25","modified_gmt":"2025-09-10T11:43:25","slug":"biblioteca","status":"publish","type":"page","link":"https:\/\/www.austriacult.roma.it\/de\/bibliothek\/","title":{"rendered":"Bibliothek"},"content":{"rendered":"<p><\/p>\n<p class=\"title\" style=\"text-align: justify;\">Der Bibliotheksbestand umfasst mehr als 100.000 B\u00e4nde. Die Bibliothek ist im gemeinsamen Besitz des <a href=\"https:\/\/www.oehirom.it\/?language=de\">\u00d6sterreichischen Historischen Institutes Rom<\/a> und des \u00d6sterreichischen Kulturforums Rom. Ihr Schwerpunkt liegt auf Geschichte inklusive Kunstgeschichte und Arch\u00e4ologie, sie enth\u00e4lt aber auch reiche Best\u00e4nde zu Geschichte, Kunst, Literatur und Landeskunde \u00d6sterreichs. Weiters finden sich in ihr ca. 4000 Ausstellungskataloge \u00f6sterreichischer K\u00fcnstler, ca. 1000 Musikalien und ca. 500 CD-Roms und Musik-CDs.<\/p>\n<p class=\"title\" style=\"text-align: justify;\">Als Sonderbest\u00e4nde umfasst die Bibliothek die Sammlungen Caracciolo (Kunstgeschichte, Religionsgeschichte, Psychoanalyse) und Valsecchi (\u00f6sterreichisch-italienische Beziehungen im 19. Jh.).\u00a0<\/p>\n<p style=\"text-align: justify;\">Sie k\u00f6nnen unseren Bibliotheksbestand \u00fcber diese beiden <strong>Online-Kataloge<\/strong> nach Literatur durchsuchen:<\/p>\n<p>&#8211; <a href=\"http:\/\/www.search-libnet.org\">SEARCH<\/a> (gemeinsamer Katalog der British School of Rome, des belgischen, d\u00e4nischen und \u00f6sterreichischen Instituts)<br \/>\n&#8211; <a href=\"http:\/\/www.urbis-libnet.org\">URBIS<\/a> (r\u00f6misches Bibliotheksverbundsystem)<\/p>\n<p>&nbsp;<\/p>\n<p style=\"text-align: justify;\"><strong><span style=\"text-decoration: underline;\">Kontakt und Anmeldung (obligatorisch)<\/span>:<\/strong><\/p>\n<p style=\"text-align: justify;\">Florian K\u00d6NIG, BA (Bibliothekar)<br \/>\nemail: <a href=\"mailto:koenig@oehirom.it\">koenig@oehirom.it;<\/a>\u00a0 oder tel. +39 06 360826-26.<\/p>\n<p><a href=\"https:\/\/www.oeaw.ac.at\/oehi-rom\/biblioteca\">Bibliothek | Istituto Storico Austriaco (oehirom.it)<\/a><\/p>\n<p>&nbsp;<\/p>\n<p>&nbsp;<\/p>\n<p>&nbsp;<\/p>\n<p><\/p>","protected":false},"excerpt":{"rendered":"<\/p>\n<p class=\"title\" style=\"text-align: justify;\">Der Bibliotheksbestand umfasst mehr als 100.000 B\u00e4nde. Die Bibliothek ist im gemeinsamen Besitz des <a href=\"https:\/\/www.oehirom.it\/?language=de\">\u00d6sterreichischen Historischen Institutes Rom<\/a> und des \u00d6sterreichischen Kulturforums Rom. Ihr Schwerpunkt liegt auf Geschichte inklusive Kunstgeschichte und Arch\u00e4ologie, sie enth\u00e4lt aber auch reiche Best\u00e4nde zu Geschichte, Kunst, Literatur und Landeskunde \u00d6sterreichs. Weiters finden sich in ihr ca. 4000 Ausstellungskataloge \u00f6sterreichischer K\u00fcnstler, ca. 1000 Musikalien und ca. 500 CD-Roms und Musik-CDs.<\/p>\n<p class=\"title\" style=\"text-align: justify;\">Als Sonderbest\u00e4nde umfasst die Bibliothek die Sammlungen Caracciolo (Kunstgeschichte, Religionsgeschichte, [&#8230;]<\/p>\n","protected":false},"author":1,"featured_media":0,"parent":0,"menu_order":18,"comment_status":"closed","ping_status":"closed","template":"","meta":{"_vp_format_video_url":"","_vp_image_focal_point":[],"footnotes":""},"class_list":["post-331","page","type-page","status-publish","hentry"],"_links":{"self":[{"href":"https:\/\/www.austriacult.roma.it\/de\/wp-json\/wp\/v2\/pages\/331","targetHints":{"allow":["GET"]}}],"collection":[{"href":"https:\/\/www.austriacult.roma.it\/de\/wp-json\/wp\/v2\/pages"}],"about":[{"href":"https:\/\/www.austriacult.roma.it\/de\/wp-json\/wp\/v2\/types\/page"}],"author":[{"embeddable":true,"href":"https:\/\/www.austriacult.roma.it\/de\/wp-json\/wp\/v2\/users\/1"}],"replies":[{"embeddable":true,"href":"https:\/\/www.austriacult.roma.it\/de\/wp-json\/wp\/v2\/comments?post=331"}],"version-history":[{"count":2,"href":"https:\/\/www.austriacult.roma.it\/de\/wp-json\/wp\/v2\/pages\/331\/revisions"}],"predecessor-version":[{"id":24005,"href":"https:\/\/www.austriacult.roma.it\/de\/wp-json\/wp\/v2\/pages\/331\/revisions\/24005"}],"wp:attachment":[{"href":"https:\/\/www.austriacult.roma.it\/de\/wp-json\/wp\/v2\/media?parent=331"}],"curies":[{"name":"wp","href":"https:\/\/api.w.org\/{rel}","templated":true}]}}