{"id":13941,"date":"2023-10-16T21:53:13","date_gmt":"2023-10-16T19:53:13","guid":{"rendered":"https:\/\/www.austriacult.roma.it\/de\/?page_id=13941"},"modified":"2024-01-04T21:31:22","modified_gmt":"2024-01-04T20:31:22","slug":"barrierefreiheitserklaerung","status":"publish","type":"page","link":"https:\/\/www.austriacult.roma.it\/de\/barrierefreiheitserklaerung\/","title":{"rendered":"Barrierefreiheitserkl\u00e4rung"},"content":{"rendered":"<p><\/p>\n<h3>Erkl\u00e4rung zur Barrierefreiheit<\/h3>\n<p>Das \u00d6sterreichische Kulturforum Rom ist bem\u00fcht, seine Website im Einklang mit dem\u00a0<a href=\"https:\/\/www.ris.bka.gv.at\/GeltendeFassung.wxe?Abfrage=Bundesnormen&amp;Gesetzesnummer=20010727\">Web-Zug\u00e4nglichkeits-Gesetz (WZG) idgF<\/a>\u00a0zur Umsetzung der\u00a0<a href=\"https:\/\/eur-lex.europa.eu\/legal-content\/DE\/TXT\/?uri=CELEX:32016L2102\">Richtlinie (EU) 2016\/2102 des Europ\u00e4ischen Parlaments und des Rates vom 26. Oktober 2016 \u00fcber den barrierefreien Zugang zu den Websites und mobilen Anwendungen \u00f6ffentlicher Stellen<\/a>\u00a0(Amtsblatt L 327 vom 2.12.2016, S. 1) barrierefrei zug\u00e4nglich zu machen.<\/p>\n<p>Diese Erkl\u00e4rung zur Barrierefreiheit gilt f\u00fcr die Website\u00a0<a href=\"https:\/\/www.austriacult.roma.it\/\">https:\/\/www.austriacult.roma.it<\/a>.<\/p>\n<h3>Stand der Vereinbarkeit mit den Anforderungen<\/h3>\n<p>Das\u00a0\u00d6sterreichische Kulturforum Rom ist bestrebt die Website entsprechend Konformit\u00e4tsstufe AA der &#8222;Richtlinien f\u00fcr barrierefreie Webinhalte Web \u2013\u00a0<a href=\"https:\/\/www.w3.org\/TR\/WCAG21\/\">WCAG 2.1<\/a>&#8220; beziehungsweise mit dem geltenden Europ\u00e4ischen Standard EN 301 549 V2.1.2 (2018-08) anzupassen.\u00a0<\/p>\n<h3>Nicht barrierefreie Inhalte<\/h3>\n<p>Die nachstehend aufgef\u00fchrten Inhalte sind aus den folgenden Gr\u00fcnden nicht g\u00e4nzlich mit Konformit\u00e4tsstufe AA der &#8222;Richtlinien f\u00fcr barrierefreie Webinhalte Web \u2013\u00a0<a href=\"https:\/\/www.w3.org\/TR\/WCAG21\/\">WCAG 2.1<\/a>&#8220;\u00a0beziehungsweise mit dem geltenden Europ\u00e4ischen Standard EN 301 549 V2.1.2 (2018-08) vereinbar bzw. nicht barrierefrei:<\/p>\n<ul>\n<li>Informationen und insbesondere Events, deren Erstellungsdatum vor dem dieser Erkl\u00e4rung liegt, wurden nicht im Einzelnen auf die Konformit\u00e4t \u00fcberpr\u00fcft und angepasst.<\/li>\n<\/ul>\n<h3>Erstellung dieser Erkl\u00e4rung zur Barrierefreiheit<\/h3>\n<p>Diese Erkl\u00e4rung wurde am 15. Dezember 2023 erstellt.<\/p>\n<h3>Feedback und Kontaktangaben<\/h3>\n<p>Die Angebote und Services auf der Website werden wie beschrieben laufend verbessert, ausgetauscht und ausgebaut. Dabei ist uns die Bedienbarkeit und Zug\u00e4nglichkeit ein gro\u00dfes Anliegen.<\/p>\n<p>Wenn Ihnen Barrieren auffallen, die Sie an der Benutzung unserer Website behindern \u2013 Probleme bzw. M\u00e4ngel in Bezug auf die Einhaltung der Barrierefreiheitsanforderungen \u2013 so bitten wir Sie, uns diese per E\u2011Mail mitzuteilen.<br \/>\nWir werden Ihre Anfrage pr\u00fcfen und Sie ehestm\u00f6glich kontaktieren.<\/p>\n<p>S\u00e4mtliche Mitteilungen und Anregungen senden Sie uns bitte an <a href=\"mailto:ROM-KF@bmeia.gv.at\">ROM-KF@bmeia.gv.at<\/a> mit dem Betreff &#8222;Meldung einer Barriere in der Website \u00d6sterreichisches Kulturforum Rom&#8220;. Bitte beschreiben Sie das Problem und f\u00fchren Sie uns die URL(s) der betroffenen Webseite oder des Dokuments an.<\/p>\n<p>Kontakt: \u00d6sterreichisches Kulturforum Rom<br \/>\nE-Mail: <a href=\"mailto:ROM-KF@bmeia.gv.at\">ROM-KF@bmeia.gv.at<\/a><\/p>\n<p><\/p>","protected":false},"excerpt":{"rendered":"<\/p>\n<p>Erkl\u00e4rung zur Barrierefreiheit<\/p>\n<p>Das \u00d6sterreichische Kulturforum Rom ist bem\u00fcht, seine Website im Einklang mit dem\u00a0<a href=\"https:\/\/www.ris.bka.gv.at\/GeltendeFassung.wxe?Abfrage=Bundesnormen&amp;Gesetzesnummer=20010727\">Web-Zug\u00e4nglichkeits-Gesetz (WZG) idgF<\/a>\u00a0zur Umsetzung der\u00a0<a href=\"https:\/\/eur-lex.europa.eu\/legal-content\/DE\/TXT\/?uri=CELEX:32016L2102\">Richtlinie (EU) 2016\/2102 des Europ\u00e4ischen Parlaments und des Rates vom 26. Oktober 2016 \u00fcber den barrierefreien Zugang zu den Websites und mobilen Anwendungen \u00f6ffentlicher Stellen<\/a>\u00a0(Amtsblatt L 327 vom 2.12.2016, S. 1) barrierefrei zug\u00e4nglich zu machen.<\/p>\n<p>Diese Erkl\u00e4rung zur Barrierefreiheit gilt f\u00fcr die Website\u00a0<a href=\"https:\/\/www.austriacult.roma.it\/\">https:\/\/www.austriacult.roma.it<\/a>.<\/p>\n<p>Stand der Vereinbarkeit mit den Anforderungen<\/p>\n<p>Das\u00a0\u00d6sterreichische Kulturforum Rom ist bestrebt die Website entsprechend Konformit\u00e4tsstufe AA der &#8222;Richtlinien f\u00fcr barrierefreie [&#8230;]<\/p>\n","protected":false},"author":1,"featured_media":0,"parent":0,"menu_order":1,"comment_status":"closed","ping_status":"closed","template":"","meta":{"_vp_format_video_url":"","_vp_image_focal_point":[],"footnotes":""},"class_list":["post-13941","page","type-page","status-publish","hentry"],"_links":{"self":[{"href":"https:\/\/www.austriacult.roma.it\/de\/wp-json\/wp\/v2\/pages\/13941","targetHints":{"allow":["GET"]}}],"collection":[{"href":"https:\/\/www.austriacult.roma.it\/de\/wp-json\/wp\/v2\/pages"}],"about":[{"href":"https:\/\/www.austriacult.roma.it\/de\/wp-json\/wp\/v2\/types\/page"}],"author":[{"embeddable":true,"href":"https:\/\/www.austriacult.roma.it\/de\/wp-json\/wp\/v2\/users\/1"}],"replies":[{"embeddable":true,"href":"https:\/\/www.austriacult.roma.it\/de\/wp-json\/wp\/v2\/comments?post=13941"}],"version-history":[{"count":7,"href":"https:\/\/www.austriacult.roma.it\/de\/wp-json\/wp\/v2\/pages\/13941\/revisions"}],"predecessor-version":[{"id":15772,"href":"https:\/\/www.austriacult.roma.it\/de\/wp-json\/wp\/v2\/pages\/13941\/revisions\/15772"}],"wp:attachment":[{"href":"https:\/\/www.austriacult.roma.it\/de\/wp-json\/wp\/v2\/media?parent=13941"}],"curies":[{"name":"wp","href":"https:\/\/api.w.org\/{rel}","templated":true}]}}